{"id":1,"date":"2014-02-08T21:36:00","date_gmt":"2014-02-08T21:36:00","guid":{"rendered":"http:\/\/www.pablo.ro\/teste\/despre-noi\/"},"modified":"2021-09-29T11:59:55","modified_gmt":"2021-09-29T11:59:55","slug":"despre-noi","status":"publish","type":"page","link":"https:\/\/www.pablo.ro\/teste\/despre-noi\/","title":{"rendered":"Despre noi"},"content":{"rendered":"<p><span style=\"font-size: 12pt; font-family: tahoma, arial, helvetica, sans-serif;\">Suntem una dintre cele mai complexe agen\u021bii din Transilvania, pe segmentul produc\u021biei de materiale publicitare indoor \u0219i outdoor. Obi\u0219nuim s\u0103 actualiz\u0103m constant tehnologia pe care o folosim, astfel \u00eenc\u00e2t s\u0103 putem satisface toate solicit\u0103rile dumneavoastr\u0103. Oferim clien\u021bilor nostri solu\u021bii adecvate, execu\u021bii de efect \u0219i pre\u021buri bune.<\/span><\/p>\n<p><span style=\"font-size: 12pt; font-family: tahoma, arial, helvetica, sans-serif;\">Ne concentr\u0103m toat\u0103 aten\u021bia \u0219i talentul pentru a va oferi ceea ce vi se potrive\u0219te, pornind de la concep\u021bia grafic\u0103, text, imagine, p\u00e2n\u0103 la execu\u021bie \u0219i montaj. R\u0103splata noastr\u0103 este fiecare client mul\u021bumit \u0219i fiecare nou client, care ne alege \u0219i investe\u0219te \u00eencredere \u00een rezultatele noastre.<\/span><\/p>\n<p><span style=\"font-size: 12pt; font-family: tahoma, arial, helvetica, sans-serif;\">La <strong>Pablo Sign<\/strong> , dispunem de o gama variata de produse publicitare pe care le putem executa la calitate exceptionala precum:<\/span><\/p>\n<p><span style=\"font-size: 12pt; font-family: tahoma, arial, helvetica, sans-serif;\">&#8211; Litere volumetrice LED<\/span><br \/>\n<span style=\"font-size: 12pt; font-family: tahoma, arial, helvetica, sans-serif;\">&#8211; Litere din Polistiren<\/span><br \/>\n<span style=\"font-size: 12pt; font-family: tahoma, arial, helvetica, sans-serif;\">&#8211; Litere din Lemn<\/span><br \/>\n<span style=\"font-size: 12pt; font-family: tahoma, arial, helvetica, sans-serif;\">&#8211; Litere din Plexiglass<\/span><br \/>\n<span style=\"font-size: 12pt; font-family: tahoma, arial, helvetica, sans-serif;\">&#8211; Litere din PVC<\/span><br \/>\n<span style=\"font-size: 12pt; font-family: tahoma, arial, helvetica, sans-serif;\">&#8211; Litere Bronz<\/span><br \/>\n<span style=\"font-size: 12pt; font-family: tahoma, arial, helvetica, sans-serif;\">&#8211; Totemuri<\/span><br \/>\n<span style=\"font-size: 12pt; font-family: tahoma, arial, helvetica, sans-serif;\">&#8211; Catarge Publicitare<\/span><br \/>\n<span style=\"font-size: 12pt; font-family: tahoma, arial, helvetica, sans-serif;\">&#8211; Casete \u0219i reclame luminoase<\/span><br \/>\n<span style=\"font-size: 12pt; font-family: tahoma, arial, helvetica, sans-serif;\">&#8211; Print-uri de mari dimensiuni Indoor \u0219i Oudoor de cea mai bun\u0103 calitate<\/span><br \/>\n<span style=\"font-size: 12pt; font-family: tahoma, arial, helvetica, sans-serif;\">&#8211; Produc\u021bie materiale tip\u0103rite offset<\/span><br \/>\n<span style=\"font-size: 12pt; font-family: tahoma, arial, helvetica, sans-serif;\">&#8211; Produc\u021bie materiale tip\u0103rite digital<\/span><\/p>\n<div id=\"themify_builder_content-1\" data-postid=\"1\" class=\"themify_builder_content themify_builder_content-1 themify_builder\">\n\n    \t\n\t\t<!-- module_row -->\n\t\t\t<div  class=\"themify_builder_row module_row clearfix module_row_0 themify_builder_1_row module_row_1-0\">\n\t\t\t\t                                <div class=\"row_inner \" >\n\n                                    \n\t\t<div  class=\"tb-column col-full first module_column tb_1_column module_column_0 module_column_1-0-0 repeat\" >\n                                        \t\t<\/div>\n\t\t<!-- \/.tb-column -->\n\t\t\n\t\t\n                                <\/div>\n                                <!-- \/row_inner -->\n                        <\/div>\n                        <!-- \/module_row -->\n\t\t<\/div>\n<!-- \/themify_builder_content -->","protected":false},"excerpt":{"rendered":"<p>Suntem una dintre cele mai complexe agen\u021bii din Transilvania, pe segmentul produc\u021biei de materiale publicitare indoor \u0219i outdoor. Obi\u0219nuim s\u0103 actualiz\u0103m constant tehnologia pe care o folosim, astfel \u00eenc\u00e2t s\u0103 putem satisface toate solicit\u0103rile dumneavoastr\u0103. Oferim clien\u021bilor nostri solu\u021bii adecvate, execu\u021bii de efect \u0219i pre\u021buri bune. Ne concentr\u0103m toat\u0103 aten\u021bia \u0219i talentul pentru a va [&hellip;]<\/p>\n","protected":false},"author":1,"featured_media":0,"parent":0,"menu_order":12,"comment_status":"closed","ping_status":"closed","template":"","meta":{"footnotes":""},"_links":{"self":[{"href":"https:\/\/www.pablo.ro\/teste\/wp-json\/wp\/v2\/pages\/1"}],"collection":[{"href":"https:\/\/www.pablo.ro\/teste\/wp-json\/wp\/v2\/pages"}],"about":[{"href":"https:\/\/www.pablo.ro\/teste\/wp-json\/wp\/v2\/types\/page"}],"author":[{"embeddable":true,"href":"https:\/\/www.pablo.ro\/teste\/wp-json\/wp\/v2\/users\/1"}],"replies":[{"embeddable":true,"href":"https:\/\/www.pablo.ro\/teste\/wp-json\/wp\/v2\/comments?post=1"}],"version-history":[{"count":26,"href":"https:\/\/www.pablo.ro\/teste\/wp-json\/wp\/v2\/pages\/1\/revisions"}],"predecessor-version":[{"id":3865,"href":"https:\/\/www.pablo.ro\/teste\/wp-json\/wp\/v2\/pages\/1\/revisions\/3865"}],"wp:attachment":[{"href":"https:\/\/www.pablo.ro\/teste\/wp-json\/wp\/v2\/media?parent=1"}],"curies":[{"name":"wp","href":"https:\/\/api.w.org\/{rel}","templated":true}]}}