{"id":11,"date":"2014-02-09T13:21:54","date_gmt":"2014-02-09T13:21:54","guid":{"rendered":"http:\/\/www.pablo.ro\/teste\/copertine\/"},"modified":"2021-11-19T14:05:52","modified_gmt":"2021-11-19T14:05:52","slug":"copertine","status":"publish","type":"page","link":"https:\/\/www.pablo.ro\/teste\/copertine\/","title":{"rendered":"Copertine"},"content":{"rendered":"<p><span style=\"font-size: 12pt; font-family: arial, helvetica, sans-serif;\">Copertinele sunt confec\u021bionate din poliplan sau p\u00e2nz\u0103 acrilic\u0103 , \u00eentins\u0103 pe un cadru metalic din o\u021bel sau aluminiu.<\/span><br \/>\n<span style=\"font-size: 12pt; font-family: arial, helvetica, sans-serif;\">Copertinele retractabile sunt sisteme ideale pentru umbrirea teraselor, gr\u0103dinilor de var\u0103, etc. <\/span><span style=\"font-size: 12pt; font-family: arial, helvetica, sans-serif;\">C<\/span><span style=\"font-size: 12pt; font-family: arial, helvetica, sans-serif;\">opertinele retractabile sunt compuse din console prindere perete\/tavan, ax metalic, bra\u021be articulate, frontal \u0219i material textil. Ele pot fi casetate sau necasetate, ac\u021bionare manual\u0103 sau electric\u0103 cu \u00eentrerup\u0103tor sau telecomand\u0103, senzor de v\u00e2nt \u0219i\/sau soare.<\/span><div id=\"themify_builder_content-11\" data-postid=\"11\" class=\"themify_builder_content themify_builder_content-11 themify_builder\">\n\n    \t\n\t\t<!-- module_row -->\n\t\t\t<div  class=\"themify_builder_row module_row clearfix module_row_0 themify_builder_11_row module_row_11-0\">\n\t\t\t\t                                <div class=\"row_inner \" >\n\n                                    \n\t\t<div  class=\"tb-column col-full first module_column tb_11_column module_column_0 module_column_11-0-0\" >\n                                                                <div class=\"tb-column-inner\">\n                            \n\n    <div class=\"themify_builder_slider_loader\"><\/div>\n    <div id=\"slider-11-0-0-0\" class=\"module module-slider slider-11-0-0-0 themify_builder_slider_wrap clearfix  slider-default  themify_builder_slider_vertical\">\n                <ul class=\"themify_builder_slider\"\n            data-id=\"slider-11-0-0-0\" \n            data-visible=\"1\" \n            data-scroll=\"1\" \n            data-auto-scroll=\"1\"\n            data-speed=\"1\"\n            data-wrap=\"no\"\n            data-arrow=\"yes\"\n            data-pagination=\"yes\"\n            data-effect=\"scroll\" \n            data-height=\"variable\" \n            data-pause-on-hover=\"false\"\n            >\n                    <!-- module slider image -->\n\n                    <li>\n            <div class=\"slide-inner-wrap\">\n                                    <div class=\"slide-image\">\n                                                                            <img loading=\"lazy\" decoding=\"async\" width=\"1200\" height=\"901\" src=\"https:\/\/www.pablo.ro\/teste\/wp-content\/uploads\/2018\/06\/Copertina-Coca-Cola-2.jpg\" class=\" wp-post-image wp-image-552\" alt=\"Copertina Coca Cola, Pablo Sign\" srcset=\"https:\/\/www.pablo.ro\/teste\/wp-content\/uploads\/2018\/06\/Copertina-Coca-Cola-2.jpg 1200w, https:\/\/www.pablo.ro\/teste\/wp-content\/uploads\/2018\/06\/Copertina-Coca-Cola-2-300x225.jpg 300w, https:\/\/www.pablo.ro\/teste\/wp-content\/uploads\/2018\/06\/Copertina-Coca-Cola-2-768x577.jpg 768w, https:\/\/www.pablo.ro\/teste\/wp-content\/uploads\/2018\/06\/Copertina-Coca-Cola-2-1024x769.jpg 1024w, https:\/\/www.pablo.ro\/teste\/wp-content\/uploads\/2018\/06\/Copertina-Coca-Cola-2-510x382.jpg 510w, https:\/\/www.pablo.ro\/teste\/wp-content\/uploads\/2018\/06\/Copertina-Coca-Cola-2-1080x811.jpg 1080w\" sizes=\"(max-width: 1200px) 100vw, 1200px\" \/>                                            <\/div><!-- \/slide-image -->\n                \n                            <\/div>\n        <\/li>\n                    <li>\n            <div class=\"slide-inner-wrap\">\n                                    <div class=\"slide-image\">\n                                                                            <img loading=\"lazy\" decoding=\"async\" width=\"1200\" height=\"906\" src=\"https:\/\/www.pablo.ro\/teste\/wp-content\/uploads\/2018\/06\/Copertina-Guinness.jpg\" class=\" wp-post-image wp-image-557\" alt=\"Copertina Guinness, Pablo Sign\" srcset=\"https:\/\/www.pablo.ro\/teste\/wp-content\/uploads\/2018\/06\/Copertina-Guinness.jpg 1200w, https:\/\/www.pablo.ro\/teste\/wp-content\/uploads\/2018\/06\/Copertina-Guinness-300x227.jpg 300w, https:\/\/www.pablo.ro\/teste\/wp-content\/uploads\/2018\/06\/Copertina-Guinness-768x580.jpg 768w, https:\/\/www.pablo.ro\/teste\/wp-content\/uploads\/2018\/06\/Copertina-Guinness-1024x773.jpg 1024w, https:\/\/www.pablo.ro\/teste\/wp-content\/uploads\/2018\/06\/Copertina-Guinness-1080x815.jpg 1080w\" sizes=\"(max-width: 1200px) 100vw, 1200px\" \/>                                            <\/div><!-- \/slide-image -->\n                \n                            <\/div>\n        <\/li>\n            <\/ul>\n    <\/div>\n        \n                        <\/div>\n                    \t\t<\/div>\n\t\t<!-- \/.tb-column -->\n\t\t\n\t\t\n                                <\/div>\n                                <!-- \/row_inner -->\n                        <\/div>\n                        <!-- \/module_row -->\n\t\t<\/div>\n","protected":false},"excerpt":{"rendered":"<p>Copertinele sunt confec\u021bionate din poliplan sau p\u00e2nz\u0103 acrilic\u0103 , \u00eentins\u0103 pe un cadru metalic din o\u021bel sau aluminiu. Copertinele retractabile sunt sisteme ideale pentru umbrirea teraselor, gr\u0103dinilor de var\u0103, etc. Copertinele retractabile sunt compuse din console prindere perete\/tavan, ax metalic, bra\u021be articulate, frontal \u0219i material textil. Ele pot fi casetate sau necasetate, ac\u021bionare manual\u0103 sau [&hellip;]<\/p>\n","protected":false},"author":1,"featured_media":0,"parent":0,"menu_order":26,"comment_status":"closed","ping_status":"closed","template":"","meta":{"footnotes":""},"_links":{"self":[{"href":"https:\/\/www.pablo.ro\/teste\/wp-json\/wp\/v2\/pages\/11"}],"collection":[{"href":"https:\/\/www.pablo.ro\/teste\/wp-json\/wp\/v2\/pages"}],"about":[{"href":"https:\/\/www.pablo.ro\/teste\/wp-json\/wp\/v2\/types\/page"}],"author":[{"embeddable":true,"href":"https:\/\/www.pablo.ro\/teste\/wp-json\/wp\/v2\/users\/1"}],"replies":[{"embeddable":true,"href":"https:\/\/www.pablo.ro\/teste\/wp-json\/wp\/v2\/comments?post=11"}],"version-history":[{"count":20,"href":"https:\/\/www.pablo.ro\/teste\/wp-json\/wp\/v2\/pages\/11\/revisions"}],"predecessor-version":[{"id":5072,"href":"https:\/\/www.pablo.ro\/teste\/wp-json\/wp\/v2\/pages\/11\/revisions\/5072"}],"wp:attachment":[{"href":"https:\/\/www.pablo.ro\/teste\/wp-json\/wp\/v2\/media?parent=11"}],"curies":[{"name":"wp","href":"https:\/\/api.w.org\/{rel}","templated":true}]}}