{"id":5,"date":"2014-02-08T22:00:05","date_gmt":"2014-02-08T22:00:05","guid":{"rendered":"http:\/\/www.pablo.ro\/teste\/home\/"},"modified":"2021-09-29T13:10:42","modified_gmt":"2021-09-29T13:10:42","slug":"serviciiprintsiproductiepublicitara","status":"publish","type":"page","link":"https:\/\/www.pablo.ro\/teste\/serviciiprintsiproductiepublicitara\/","title":{"rendered":"Servicii print \u0219i produc\u021bie publicitar\u0103"},"content":{"rendered":"<p><span style=\"font-size: 12pt; font-family: arial, helvetica, sans-serif;\"><strong>Design publicitar <\/strong>\u2013 concep\u021bie grafic\u0103 pentru orice tip de material publicitar, concepere identitate vizuala firme (sigla, logo, antet), machetare, preg\u0103tire pentru tipar, simulare grafic\u0103 a conceptelor, simulare 3D, optimizare pentru produc\u021bie, design ambiental, design expozi\u021bional.<\/span><\/p>\n<p><span style=\"font-size: 12pt; font-family: arial, helvetica, sans-serif;\"><strong>Decupare pe contur autocolant <\/strong>\u2013 destinat pentru decoruri auto, decor vitrine, casete luminoase sau bannere, aplicare folie de transfer pe autocolant, decupare materiale termotransferabile (folii autocolante cauciucate \u0219i catifelate), pentru personaliz\u0103ri tricouri, veste, \u0219epci, salopete, steaguri, fanioane.<\/span><\/p>\n<p><span style=\"font-size: 12pt; font-family: arial, helvetica, sans-serif;\"><strong>Decor<\/strong> \u2013 decor \u0219i amenaj\u0103ri standuri, vitrine, spa\u021bii comerciale: se realizeaz\u0103 prin diferite mijloace de concep\u021bie \u0219i execu\u021bie, se realizeaz\u0103 cu autocolant decupat, disponibil \u00een diverse variante: lucios, mat, colorat \u00een mas\u0103, pentru decoruri policrome, se folose\u0219te autocolant printat sau window graphics (one way view).<\/span><\/p>\n<p><span style=\"font-size: 12pt; font-family: arial, helvetica, sans-serif;\"><strong>Decorare auto<\/strong> \u2013 se folose\u0219te folie autocolant special\u0103, rezistent\u0103 la ac\u021biunea factorilor externi, autocolantul se poate folosi \u00een culorile disponibile sau se poate printa policromic, posibilitatea lamin\u0103rii anti UV a autocolantului printat, care \u00ee\u0219i p\u0103streaz\u0103 astfel culoarea mai mult timp \u0219i este protejat anti-zg\u00e2riere.<\/span><\/p>\n<p><span style=\"font-size: 12pt; font-family: arial, helvetica, sans-serif;\"><strong>Personalizare<\/strong> \u2013 se pot personaliza textile prin printare, broderie, serigrafie , obiecte cu suprafe\u021be neregulate sau cilindrice cum ar fi pixuri, c\u0103ni, brichete prin metoda tampografiei.<\/span><\/p>\n<p><span style=\"font-size: 12pt; font-family: arial, helvetica, sans-serif;\"><strong>Finisaj<\/strong> \u2013 capsare, termosudura, tivire, laminare, montaj reclame luminoase sau neluminoase, neutralizarea sau dezinstalarea materialului publicitar.<\/span><\/p>\n<p><span style=\"font-size: 12pt; font-family: arial, helvetica, sans-serif;\"><strong>Montaj<\/strong> &#8211; echipele de montaj sunt specializate \u0219i experimentate \u00een sisteme de prindere \u0219i montare a oric\u0103rui tip de material publicitar, de la casete luminoase, aplicare autocolant tip auto sau fototapet, panouri poliplane, mesh-uri de mari dimensiuni, sablare geamuri, window graphics, p\u00e2n\u0103 la panouri interioare, litere volumetrice sau chiar \u0219i rafturi metalice. Experien\u021ba noastr\u0103 \u00een acest domeniu ne ajut\u0103 s\u0103 oferim servicii montaj \u00een timp rapid \u0219i cu profesionalism.<\/span><\/p>\n<div id=\"themify_builder_content-5\" data-postid=\"5\" class=\"themify_builder_content themify_builder_content-5 themify_builder\">\n\n    \t\n\t\t<!-- module_row -->\n\t\t\t<div  class=\"themify_builder_row module_row clearfix module_row_0 themify_builder_5_row module_row_5-0\">\n\t\t\t\t                                <div class=\"row_inner \" >\n\n                                    \n\t\t<div  class=\"tb-column col-full first module_column tb_5_column module_column_0 module_column_5-0-0\" >\n                                                                <div class=\"tb-column-inner\">\n                            \n\n    <div class=\"themify_builder_slider_loader\"><\/div>\n    <div id=\"slider-5-0-0-0\" class=\"module module-slider slider-5-0-0-0 themify_builder_slider_wrap clearfix  slider-default  \">\n                <ul class=\"themify_builder_slider\"\n            data-id=\"slider-5-0-0-0\" \n            data-visible=\"2\" \n            data-scroll=\"1\" \n            data-auto-scroll=\"off\"\n            data-speed=\"1\"\n            data-wrap=\"yes\"\n            data-arrow=\"yes\"\n            data-pagination=\"yes\"\n            data-effect=\"scroll\" \n            data-height=\"variable\" \n            data-pause-on-hover=\"resume\"\n            >\n                    <!-- module slider image -->\n\n                    <li>\n            <div class=\"slide-inner-wrap\">\n                                    <div class=\"slide-image\">\n                                                                            <img loading=\"lazy\" decoding=\"async\" width=\"450\" height=\"300\" src=\"https:\/\/www.pablo.ro\/teste\/wp-content\/uploads\/2020\/10\/istockphoto-493540482-170667a.jpg\" class=\" wp-post-image wp-image-3381\" alt=\"istockphoto-493540482-170667a\" srcset=\"https:\/\/www.pablo.ro\/teste\/wp-content\/uploads\/2020\/10\/istockphoto-493540482-170667a.jpg 450w, https:\/\/www.pablo.ro\/teste\/wp-content\/uploads\/2020\/10\/istockphoto-493540482-170667a-300x200.jpg 300w\" sizes=\"(max-width: 450px) 100vw, 450px\" \/>                                            <\/div><!-- \/slide-image -->\n                \n                            <\/div>\n        <\/li>\n                    <li>\n            <div class=\"slide-inner-wrap\">\n                                    <div class=\"slide-image\">\n                                                                            <img loading=\"lazy\" decoding=\"async\" width=\"450\" height=\"300\" src=\"https:\/\/www.pablo.ro\/teste\/wp-content\/uploads\/2020\/10\/93389972-big-rolling-plotter-in-work.jpg\" class=\" wp-post-image wp-image-3382\" alt=\"93389972-big-rolling-plotter-in-work\" srcset=\"https:\/\/www.pablo.ro\/teste\/wp-content\/uploads\/2020\/10\/93389972-big-rolling-plotter-in-work.jpg 450w, https:\/\/www.pablo.ro\/teste\/wp-content\/uploads\/2020\/10\/93389972-big-rolling-plotter-in-work-300x200.jpg 300w\" sizes=\"(max-width: 450px) 100vw, 450px\" \/>                                            <\/div><!-- \/slide-image -->\n                \n                            <\/div>\n        <\/li>\n            <\/ul>\n    <\/div>\n        \n                        <\/div>\n                    \t\t<\/div>\n\t\t<!-- \/.tb-column -->\n\t\t\n\t\t\n                                <\/div>\n                                <!-- \/row_inner -->\n                        <\/div>\n                        <!-- \/module_row -->\n\t\t<\/div>\n","protected":false},"excerpt":{"rendered":"<p>Design publicitar \u2013 concep\u021bie grafic\u0103 pentru orice tip de material publicitar, concepere identitate vizuala firme (sigla, logo, antet), machetare, preg\u0103tire pentru tipar, simulare grafic\u0103 a conceptelor, simulare 3D, optimizare pentru produc\u021bie, design ambiental, design expozi\u021bional. Decupare pe contur autocolant \u2013 destinat pentru decoruri auto, decor vitrine, casete luminoase sau bannere, aplicare folie de transfer pe [&hellip;]<\/p>\n","protected":false},"author":1,"featured_media":0,"parent":0,"menu_order":8,"comment_status":"closed","ping_status":"closed","template":"","meta":{"footnotes":""},"_links":{"self":[{"href":"https:\/\/www.pablo.ro\/teste\/wp-json\/wp\/v2\/pages\/5"}],"collection":[{"href":"https:\/\/www.pablo.ro\/teste\/wp-json\/wp\/v2\/pages"}],"about":[{"href":"https:\/\/www.pablo.ro\/teste\/wp-json\/wp\/v2\/types\/page"}],"author":[{"embeddable":true,"href":"https:\/\/www.pablo.ro\/teste\/wp-json\/wp\/v2\/users\/1"}],"replies":[{"embeddable":true,"href":"https:\/\/www.pablo.ro\/teste\/wp-json\/wp\/v2\/comments?post=5"}],"version-history":[{"count":153,"href":"https:\/\/www.pablo.ro\/teste\/wp-json\/wp\/v2\/pages\/5\/revisions"}],"predecessor-version":[{"id":2950,"href":"https:\/\/www.pablo.ro\/teste\/wp-json\/wp\/v2\/pages\/5\/revisions\/2950"}],"wp:attachment":[{"href":"https:\/\/www.pablo.ro\/teste\/wp-json\/wp\/v2\/media?parent=5"}],"curies":[{"name":"wp","href":"https:\/\/api.w.org\/{rel}","templated":true}]}}