{"id":51,"date":"2014-07-04T10:21:39","date_gmt":"2014-07-04T10:21:39","guid":{"rendered":"http:\/\/www.pablo.ro\/teste\/whiteback\/"},"modified":"2021-11-23T14:58:15","modified_gmt":"2021-11-23T14:58:15","slug":"whiteback","status":"publish","type":"page","link":"https:\/\/www.pablo.ro\/teste\/whiteback\/","title":{"rendered":"Whiteback"},"content":{"rendered":"<p><span style=\"font-size: 12pt; font-family: arial, helvetica, sans-serif;\"><strong>H\u00e2rtia Whiteback<\/strong> ofer\u0103 un suport ideal pentru printarea materialelor publicitare de tip postere, sisteme de display cu sau f\u0103r\u0103 iluminare din fa\u021b\u0103 \u0219i poate fi utilizat\u0103 cu succes at\u00e2t la interior, c\u00e2t \u0219i la exterior.<\/span><br \/>\n<span style=\"font-size: 12pt; font-family: arial, helvetica, sans-serif;\">Materialele publicitare imprimate pe h\u00e2rtie Whiteback devin rezistente la efectul razelor UV, la umiditate, zg\u00e2rieturi \u0219i stres, iar culorile se pastreaz\u0103 vii \u0219i str\u0103lucitoare timp \u00eendelungat \u0219i \u00ee\u0219i men\u021bin contrastul ini\u021bial.<\/span><\/p>\n<p><span style=\"font-size: 12pt; font-family: arial, helvetica, sans-serif;\"><strong>Avantajele print-ului whiteback<\/strong><\/span><br \/>\n<span style=\"font-size: 12pt; font-family: arial, helvetica, sans-serif;\">Mesajul publicitar imprimat pe h\u00e2rtie de tip whiteback avantajeaz\u0103 suporturi de dimensiuni mici sau medii \u0219i ofer\u0103 posibilitatea expunerii la interior sau la exterior, \u00een func\u021bie de necesitate. H\u00e2rtia whiteback con\u021bine propriet\u0103\u021bi specifice care faciliteaz\u0103 rezisten\u021ba \u00een timp a mesajului publicitar \u0219i ii prelunge\u0219te durata de via\u021b\u0103, comparativ cu alte h\u00e2rtii suport.<\/span><\/p>\n<p><span style=\"font-size: 12pt; font-family: arial, helvetica, sans-serif;\"><strong>Aplica\u021biile print-ului whiteback<\/strong><\/span><br \/>\n<span style=\"font-size: 12pt; font-family: arial, helvetica, sans-serif;\">Mesajul publicitar imprimat pe h\u00e2rtia de tip whiteback poate fi expus la exterior, pe suporturi tip poster, dar \u0219i la interior, pe suporturi tip display.<\/span><br \/>\n<span style=\"font-size: 12pt; font-family: arial, helvetica, sans-serif;\">Suportul exterior ce con\u021bine print-ul pe h\u00e2rtie whiteback asigur\u0103 o vizibilitate ridicat\u0103 \u00een r\u00e2ndul poten\u021bialilor clien\u021bi, timp \u00een care expunerea \u00een interiorul a acestui tip de print whiteback ofer\u0103 o targhetare mai exact\u0103 a publicului \u021bint\u0103 al mesajului publicitar.<\/span><\/p>\n<div id=\"themify_builder_content-51\" data-postid=\"51\" class=\"themify_builder_content themify_builder_content-51 themify_builder\">\n\n    \t\n\t\t<!-- module_row -->\n\t\t\t<div  class=\"themify_builder_row module_row clearfix module_row_0 themify_builder_51_row module_row_51-0\">\n\t\t\t\t                                <div class=\"row_inner \" >\n\n                                    \n\t\t<div  class=\"tb-column col-full first module_column tb_51_column module_column_0 module_column_51-0-0\" >\n                                                                <div class=\"tb-column-inner\">\n                            \n\n    <div class=\"themify_builder_slider_loader\"><\/div>\n    <div id=\"slider-51-0-0-0\" class=\"module module-slider slider-51-0-0-0 themify_builder_slider_wrap clearfix  slider-default  themify_builder_slider_vertical\">\n                <ul class=\"themify_builder_slider\"\n            data-id=\"slider-51-0-0-0\" \n            data-visible=\"1\" \n            data-scroll=\"1\" \n            data-auto-scroll=\"2\"\n            data-speed=\"1\"\n            data-wrap=\"no\"\n            data-arrow=\"yes\"\n            data-pagination=\"yes\"\n            data-effect=\"scroll\" \n            data-height=\"variable\" \n            data-pause-on-hover=\"false\"\n            >\n                    <!-- module slider image -->\n\n                    <li>\n            <div class=\"slide-inner-wrap\">\n                                    <div class=\"slide-image\">\n                                                                            <img loading=\"lazy\" decoding=\"async\" width=\"1024\" height=\"768\" src=\"https:\/\/www.pablo.ro\/teste\/wp-content\/uploads\/2021\/11\/white-back.jpg\" class=\" wp-post-image wp-image-5108\" alt=\"white back\" srcset=\"https:\/\/www.pablo.ro\/teste\/wp-content\/uploads\/2021\/11\/white-back.jpg 1024w, https:\/\/www.pablo.ro\/teste\/wp-content\/uploads\/2021\/11\/white-back-300x225.jpg 300w, https:\/\/www.pablo.ro\/teste\/wp-content\/uploads\/2021\/11\/white-back-768x576.jpg 768w, https:\/\/www.pablo.ro\/teste\/wp-content\/uploads\/2021\/11\/white-back-155x116.jpg 155w\" sizes=\"(max-width: 1024px) 100vw, 1024px\" \/>                                            <\/div><!-- \/slide-image -->\n                \n                            <\/div>\n        <\/li>\n            <\/ul>\n    <\/div>\n        \n                        <\/div>\n                    \t\t<\/div>\n\t\t<!-- \/.tb-column -->\n\t\t\n\t\t\n                                <\/div>\n                                <!-- \/row_inner -->\n                        <\/div>\n                        <!-- \/module_row -->\n\t\t<\/div>\n","protected":false},"excerpt":{"rendered":"<p>H\u00e2rtia Whiteback ofer\u0103 un suport ideal pentru printarea materialelor publicitare de tip postere, sisteme de display cu sau f\u0103r\u0103 iluminare din fa\u021b\u0103 \u0219i poate fi utilizat\u0103 cu succes at\u00e2t la interior, c\u00e2t \u0219i la exterior. Materialele publicitare imprimate pe h\u00e2rtie Whiteback devin rezistente la efectul razelor UV, la umiditate, zg\u00e2rieturi \u0219i stres, iar culorile se [&hellip;]<\/p>\n","protected":false},"author":1,"featured_media":0,"parent":0,"menu_order":4,"comment_status":"closed","ping_status":"closed","template":"","meta":{"footnotes":""},"_links":{"self":[{"href":"https:\/\/www.pablo.ro\/teste\/wp-json\/wp\/v2\/pages\/51"}],"collection":[{"href":"https:\/\/www.pablo.ro\/teste\/wp-json\/wp\/v2\/pages"}],"about":[{"href":"https:\/\/www.pablo.ro\/teste\/wp-json\/wp\/v2\/types\/page"}],"author":[{"embeddable":true,"href":"https:\/\/www.pablo.ro\/teste\/wp-json\/wp\/v2\/users\/1"}],"replies":[{"embeddable":true,"href":"https:\/\/www.pablo.ro\/teste\/wp-json\/wp\/v2\/comments?post=51"}],"version-history":[{"count":19,"href":"https:\/\/www.pablo.ro\/teste\/wp-json\/wp\/v2\/pages\/51\/revisions"}],"predecessor-version":[{"id":5211,"href":"https:\/\/www.pablo.ro\/teste\/wp-json\/wp\/v2\/pages\/51\/revisions\/5211"}],"wp:attachment":[{"href":"https:\/\/www.pablo.ro\/teste\/wp-json\/wp\/v2\/media?parent=51"}],"curies":[{"name":"wp","href":"https:\/\/api.w.org\/{rel}","templated":true}]}}