{"id":8,"date":"2014-02-09T13:21:33","date_gmt":"2014-02-09T13:21:33","guid":{"rendered":"http:\/\/www.pablo.ro\/teste\/volumetrie-polistiren\/"},"modified":"2021-11-23T14:48:05","modified_gmt":"2021-11-23T14:48:05","slug":"volumetrie-polistiren","status":"publish","type":"page","link":"https:\/\/www.pablo.ro\/teste\/volumetrie-polistiren\/","title":{"rendered":"Neon Flex"},"content":{"rendered":"<p><span style=\"font-size: 12pt; font-family: arial, helvetica, sans-serif;\">Reclamele luminoase cu <strong>LED-uri<\/strong> prezint\u0103 o multitudine de avantaje, fiind considerate viitorul publicit\u0103\u021bii indoor\/outdoor. Sunt cea mai modern\u0103 variant\u0103 de semnalistic\u0103 premium, au un design de impact \u0219i creeaz\u0103 o imagine avangardist\u0103 \u0219i inovatoare. Au fluxul de lumin\u0103 uniform, prin aranjarea propor\u021bional\u0103 a modulelor LED, au un consum sc\u0103zut de energie electric\u0103 \u0219i o durat\u0103 mare de via\u021b\u0103, acestea fiind avantaje nete \u00een alegerea lor. De asemenea, asigur\u0103 o semnalizare excelent\u0103 \u0219i se diferen\u021biaz\u0103 imediat fa\u021b\u0103 de semnalistic\u0103 din jur, sco\u021b\u00e2nd \u00een eviden\u021b\u0103 brandurile \u0219i loca\u021biile \u00een care sunt amplasate, atr\u0103g\u00e2nd notorietate.<\/span><span style=\"font-size: 12pt; font-family: arial, helvetica, sans-serif;\">Tuburile de neon se pot a\u0219eza \u00een interiorul literelor volumetrice sau pe pl\u0103ci suport.<\/span><\/p>\n<div id=\"themify_builder_content-8\" data-postid=\"8\" class=\"themify_builder_content themify_builder_content-8 themify_builder\">\n\n    \t\n\t\t<!-- module_row -->\n\t\t\t<div  class=\"themify_builder_row module_row clearfix module_row_1 themify_builder_8_row module_row_8-1\">\n\t\t\t\t                                <div class=\"row_inner \" >\n\n                                    \n\t\t<div  class=\"tb-column col-full first module_column tb_8_column module_column_0 module_column_8-1-0\" >\n                                                                <div class=\"tb-column-inner\">\n                            \n\n    <div class=\"themify_builder_slider_loader\"><\/div>\n    <div id=\"slider-8-1-0-0\" class=\"module module-slider slider-8-1-0-0 themify_builder_slider_wrap clearfix  slider-default  themify_builder_slider_vertical\">\n                <ul class=\"themify_builder_slider\"\n            data-id=\"slider-8-1-0-0\" \n            data-visible=\"1\" \n            data-scroll=\"1\" \n            data-auto-scroll=\"2\"\n            data-speed=\"1\"\n            data-wrap=\"no\"\n            data-arrow=\"yes\"\n            data-pagination=\"yes\"\n            data-effect=\"scroll\" \n            data-height=\"variable\" \n            data-pause-on-hover=\"false\"\n            >\n                    <!-- module slider image -->\n\n                    <li>\n            <div class=\"slide-inner-wrap\">\n                                    <div class=\"slide-image\">\n                                                                            <img loading=\"lazy\" decoding=\"async\" width=\"1024\" height=\"768\" src=\"https:\/\/www.pablo.ro\/teste\/wp-content\/uploads\/2021\/11\/preg.jpg\" class=\" wp-post-image wp-image-5017\" alt=\"preg\" srcset=\"https:\/\/www.pablo.ro\/teste\/wp-content\/uploads\/2021\/11\/preg.jpg 1024w, https:\/\/www.pablo.ro\/teste\/wp-content\/uploads\/2021\/11\/preg-300x225.jpg 300w, https:\/\/www.pablo.ro\/teste\/wp-content\/uploads\/2021\/11\/preg-768x576.jpg 768w, https:\/\/www.pablo.ro\/teste\/wp-content\/uploads\/2021\/11\/preg-155x116.jpg 155w\" sizes=\"(max-width: 1024px) 100vw, 1024px\" \/>                                            <\/div><!-- \/slide-image -->\n                \n                            <\/div>\n        <\/li>\n                    <li>\n            <div class=\"slide-inner-wrap\">\n                                    <div class=\"slide-image\">\n                                                                            <img loading=\"lazy\" decoding=\"async\" width=\"1024\" height=\"768\" src=\"https:\/\/www.pablo.ro\/teste\/wp-content\/uploads\/2021\/11\/jelna.jpg\" class=\" wp-post-image wp-image-5012\" alt=\"jelna\" srcset=\"https:\/\/www.pablo.ro\/teste\/wp-content\/uploads\/2021\/11\/jelna.jpg 1024w, https:\/\/www.pablo.ro\/teste\/wp-content\/uploads\/2021\/11\/jelna-300x225.jpg 300w, https:\/\/www.pablo.ro\/teste\/wp-content\/uploads\/2021\/11\/jelna-768x576.jpg 768w, https:\/\/www.pablo.ro\/teste\/wp-content\/uploads\/2021\/11\/jelna-155x116.jpg 155w\" sizes=\"(max-width: 1024px) 100vw, 1024px\" \/>                                            <\/div><!-- \/slide-image -->\n                \n                            <\/div>\n        <\/li>\n                    <li>\n            <div class=\"slide-inner-wrap\">\n                                    <div class=\"slide-image\">\n                                                                            <img loading=\"lazy\" decoding=\"async\" width=\"1024\" height=\"768\" src=\"https:\/\/www.pablo.ro\/teste\/wp-content\/uploads\/2021\/11\/jelna-2.jpg\" class=\" wp-post-image wp-image-5013\" alt=\"jelna 2\" srcset=\"https:\/\/www.pablo.ro\/teste\/wp-content\/uploads\/2021\/11\/jelna-2.jpg 1024w, https:\/\/www.pablo.ro\/teste\/wp-content\/uploads\/2021\/11\/jelna-2-300x225.jpg 300w, https:\/\/www.pablo.ro\/teste\/wp-content\/uploads\/2021\/11\/jelna-2-768x576.jpg 768w, https:\/\/www.pablo.ro\/teste\/wp-content\/uploads\/2021\/11\/jelna-2-155x116.jpg 155w\" sizes=\"(max-width: 1024px) 100vw, 1024px\" \/>                                            <\/div><!-- \/slide-image -->\n                \n                            <\/div>\n        <\/li>\n                    <li>\n            <div class=\"slide-inner-wrap\">\n                                    <div class=\"slide-image\">\n                                                                            <img loading=\"lazy\" decoding=\"async\" width=\"1024\" height=\"768\" src=\"https:\/\/www.pablo.ro\/teste\/wp-content\/uploads\/2021\/11\/servus.jpg\" class=\" wp-post-image wp-image-5018\" alt=\"servus\" srcset=\"https:\/\/www.pablo.ro\/teste\/wp-content\/uploads\/2021\/11\/servus.jpg 1024w, https:\/\/www.pablo.ro\/teste\/wp-content\/uploads\/2021\/11\/servus-300x225.jpg 300w, https:\/\/www.pablo.ro\/teste\/wp-content\/uploads\/2021\/11\/servus-768x576.jpg 768w, https:\/\/www.pablo.ro\/teste\/wp-content\/uploads\/2021\/11\/servus-155x116.jpg 155w\" sizes=\"(max-width: 1024px) 100vw, 1024px\" \/>                                            <\/div><!-- \/slide-image -->\n                \n                            <\/div>\n        <\/li>\n                    <li>\n            <div class=\"slide-inner-wrap\">\n                                    <div class=\"slide-image\">\n                                                                            <img loading=\"lazy\" decoding=\"async\" width=\"1024\" height=\"768\" src=\"https:\/\/www.pablo.ro\/teste\/wp-content\/uploads\/2021\/11\/servus-2-.jpg\" class=\" wp-post-image wp-image-5019\" alt=\"servus 2\" srcset=\"https:\/\/www.pablo.ro\/teste\/wp-content\/uploads\/2021\/11\/servus-2-.jpg 1024w, https:\/\/www.pablo.ro\/teste\/wp-content\/uploads\/2021\/11\/servus-2--300x225.jpg 300w, https:\/\/www.pablo.ro\/teste\/wp-content\/uploads\/2021\/11\/servus-2--768x576.jpg 768w, https:\/\/www.pablo.ro\/teste\/wp-content\/uploads\/2021\/11\/servus-2--155x116.jpg 155w\" sizes=\"(max-width: 1024px) 100vw, 1024px\" \/>                                            <\/div><!-- \/slide-image -->\n                \n                            <\/div>\n        <\/li>\n                    <li>\n            <div class=\"slide-inner-wrap\">\n                                    <div class=\"slide-image\">\n                                                                            <img loading=\"lazy\" decoding=\"async\" width=\"2560\" height=\"1911\" src=\"https:\/\/www.pablo.ro\/teste\/wp-content\/uploads\/2021\/04\/DSCF8770-scaled.jpg\" class=\" wp-post-image wp-image-4526\" alt=\"DSCF8770\" srcset=\"https:\/\/www.pablo.ro\/teste\/wp-content\/uploads\/2021\/04\/DSCF8770-scaled.jpg 2560w, https:\/\/www.pablo.ro\/teste\/wp-content\/uploads\/2021\/04\/DSCF8770-300x224.jpg 300w, https:\/\/www.pablo.ro\/teste\/wp-content\/uploads\/2021\/04\/DSCF8770-1024x764.jpg 1024w, https:\/\/www.pablo.ro\/teste\/wp-content\/uploads\/2021\/04\/DSCF8770-768x573.jpg 768w, https:\/\/www.pablo.ro\/teste\/wp-content\/uploads\/2021\/04\/DSCF8770-1536x1147.jpg 1536w, https:\/\/www.pablo.ro\/teste\/wp-content\/uploads\/2021\/04\/DSCF8770-2048x1529.jpg 2048w, https:\/\/www.pablo.ro\/teste\/wp-content\/uploads\/2021\/04\/DSCF8770-155x116.jpg 155w\" sizes=\"(max-width: 2560px) 100vw, 2560px\" \/>                                            <\/div><!-- \/slide-image -->\n                \n                            <\/div>\n        <\/li>\n                    <li>\n            <div class=\"slide-inner-wrap\">\n                                    <div class=\"slide-image\">\n                                                                            <img loading=\"lazy\" decoding=\"async\" width=\"2560\" height=\"1919\" src=\"https:\/\/www.pablo.ro\/teste\/wp-content\/uploads\/2021\/04\/20170424_155744-scaled.jpg\" class=\" wp-post-image wp-image-4527\" alt=\"20170424_155744\" srcset=\"https:\/\/www.pablo.ro\/teste\/wp-content\/uploads\/2021\/04\/20170424_155744-scaled.jpg 2560w, https:\/\/www.pablo.ro\/teste\/wp-content\/uploads\/2021\/04\/20170424_155744-300x225.jpg 300w, https:\/\/www.pablo.ro\/teste\/wp-content\/uploads\/2021\/04\/20170424_155744-1024x768.jpg 1024w, https:\/\/www.pablo.ro\/teste\/wp-content\/uploads\/2021\/04\/20170424_155744-768x576.jpg 768w, https:\/\/www.pablo.ro\/teste\/wp-content\/uploads\/2021\/04\/20170424_155744-1536x1152.jpg 1536w, https:\/\/www.pablo.ro\/teste\/wp-content\/uploads\/2021\/04\/20170424_155744-2048x1536.jpg 2048w, https:\/\/www.pablo.ro\/teste\/wp-content\/uploads\/2021\/04\/20170424_155744-155x116.jpg 155w\" sizes=\"(max-width: 2560px) 100vw, 2560px\" \/>                                            <\/div><!-- \/slide-image -->\n                \n                            <\/div>\n        <\/li>\n                    <li>\n            <div class=\"slide-inner-wrap\">\n                                    <div class=\"slide-image\">\n                                                                            <img loading=\"lazy\" decoding=\"async\" width=\"1024\" height=\"768\" src=\"https:\/\/www.pablo.ro\/teste\/wp-content\/uploads\/2021\/11\/mai-ai-cativa-pasi.jpg\" class=\" wp-post-image wp-image-5014\" alt=\"mai ai cativa pasi\" srcset=\"https:\/\/www.pablo.ro\/teste\/wp-content\/uploads\/2021\/11\/mai-ai-cativa-pasi.jpg 1024w, https:\/\/www.pablo.ro\/teste\/wp-content\/uploads\/2021\/11\/mai-ai-cativa-pasi-300x225.jpg 300w, https:\/\/www.pablo.ro\/teste\/wp-content\/uploads\/2021\/11\/mai-ai-cativa-pasi-768x576.jpg 768w, https:\/\/www.pablo.ro\/teste\/wp-content\/uploads\/2021\/11\/mai-ai-cativa-pasi-155x116.jpg 155w\" sizes=\"(max-width: 1024px) 100vw, 1024px\" \/>                                            <\/div><!-- \/slide-image -->\n                \n                            <\/div>\n        <\/li>\n                    <li>\n            <div class=\"slide-inner-wrap\">\n                                    <div class=\"slide-image\">\n                                                                            <img loading=\"lazy\" decoding=\"async\" width=\"1024\" height=\"768\" src=\"https:\/\/www.pablo.ro\/teste\/wp-content\/uploads\/2021\/11\/mai-ai-cativa-pasi-2.jpg\" class=\" wp-post-image wp-image-5015\" alt=\"mai ai cativa pasi 2\" srcset=\"https:\/\/www.pablo.ro\/teste\/wp-content\/uploads\/2021\/11\/mai-ai-cativa-pasi-2.jpg 1024w, https:\/\/www.pablo.ro\/teste\/wp-content\/uploads\/2021\/11\/mai-ai-cativa-pasi-2-300x225.jpg 300w, https:\/\/www.pablo.ro\/teste\/wp-content\/uploads\/2021\/11\/mai-ai-cativa-pasi-2-768x576.jpg 768w, https:\/\/www.pablo.ro\/teste\/wp-content\/uploads\/2021\/11\/mai-ai-cativa-pasi-2-155x116.jpg 155w\" sizes=\"(max-width: 1024px) 100vw, 1024px\" \/>                                            <\/div><!-- \/slide-image -->\n                \n                            <\/div>\n        <\/li>\n                    <li>\n            <div class=\"slide-inner-wrap\">\n                                    <div class=\"slide-image\">\n                                                                            <img loading=\"lazy\" decoding=\"async\" width=\"1024\" height=\"768\" src=\"https:\/\/www.pablo.ro\/teste\/wp-content\/uploads\/2021\/11\/perfetto.jpg\" class=\" wp-post-image wp-image-5016\" alt=\"perfetto\" srcset=\"https:\/\/www.pablo.ro\/teste\/wp-content\/uploads\/2021\/11\/perfetto.jpg 1024w, https:\/\/www.pablo.ro\/teste\/wp-content\/uploads\/2021\/11\/perfetto-300x225.jpg 300w, https:\/\/www.pablo.ro\/teste\/wp-content\/uploads\/2021\/11\/perfetto-768x576.jpg 768w, https:\/\/www.pablo.ro\/teste\/wp-content\/uploads\/2021\/11\/perfetto-155x116.jpg 155w\" sizes=\"(max-width: 1024px) 100vw, 1024px\" \/>                                            <\/div><!-- \/slide-image -->\n                \n                            <\/div>\n        <\/li>\n            <\/ul>\n    <\/div>\n        \n                        <\/div>\n                    \t\t<\/div>\n\t\t<!-- \/.tb-column -->\n\t\t\n\t\t\n                                <\/div>\n                                <!-- \/row_inner -->\n                        <\/div>\n                        <!-- \/module_row -->\n\t\t<\/div>\n","protected":false},"excerpt":{"rendered":"<p>Reclamele luminoase cu LED-uri prezint\u0103 o multitudine de avantaje, fiind considerate viitorul publicit\u0103\u021bii indoor\/outdoor. Sunt cea mai modern\u0103 variant\u0103 de semnalistic\u0103 premium, au un design de impact \u0219i creeaz\u0103 o imagine avangardist\u0103 \u0219i inovatoare. Au fluxul de lumin\u0103 uniform, prin aranjarea propor\u021bional\u0103 a modulelor LED, au un consum sc\u0103zut de energie electric\u0103 \u0219i o durat\u0103 [&hellip;]<\/p>\n","protected":false},"author":1,"featured_media":0,"parent":0,"menu_order":29,"comment_status":"closed","ping_status":"closed","template":"","meta":{"footnotes":""},"_links":{"self":[{"href":"https:\/\/www.pablo.ro\/teste\/wp-json\/wp\/v2\/pages\/8"}],"collection":[{"href":"https:\/\/www.pablo.ro\/teste\/wp-json\/wp\/v2\/pages"}],"about":[{"href":"https:\/\/www.pablo.ro\/teste\/wp-json\/wp\/v2\/types\/page"}],"author":[{"embeddable":true,"href":"https:\/\/www.pablo.ro\/teste\/wp-json\/wp\/v2\/users\/1"}],"replies":[{"embeddable":true,"href":"https:\/\/www.pablo.ro\/teste\/wp-json\/wp\/v2\/comments?post=8"}],"version-history":[{"count":86,"href":"https:\/\/www.pablo.ro\/teste\/wp-json\/wp\/v2\/pages\/8\/revisions"}],"predecessor-version":[{"id":3144,"href":"https:\/\/www.pablo.ro\/teste\/wp-json\/wp\/v2\/pages\/8\/revisions\/3144"}],"wp:attachment":[{"href":"https:\/\/www.pablo.ro\/teste\/wp-json\/wp\/v2\/media?parent=8"}],"curies":[{"name":"wp","href":"https:\/\/api.w.org\/{rel}","templated":true}]}}